{"id":249,"date":"2022-08-14T23:24:59","date_gmt":"2022-08-14T23:24:59","guid":{"rendered":"https:\/\/www.minervamedica.ba\/goodsign.php\/urologija-2\/"},"modified":"2022-10-14T20:38:38","modified_gmt":"2022-10-14T20:38:38","slug":"urologija","status":"publish","type":"page","link":"https:\/\/www.minervamedica.ba\/en\/urologija\/","title":{"rendered":"Urologija"},"content":{"rendered":"[vc_section full_width=&#8221;stretch_row&#8221; pix_over_visibility=&#8221;1&#8243; css=&#8221;.vc_custom_1642641885765{background-color: #ffffff !important;}&#8221;][vc_row full_width=&#8221;stretch_row&#8221; pix_particles_check=&#8221;&#8221; css=&#8221;.vc_custom_1651108959108{margin-bottom: 25px !important;background-color: #ededed !important;}&#8221;][vc_column content_align=&#8221;text-center&#8221;]<div  class=\"pix-heading-el text-center \"><div><div class=\"slide-in-container\"><h1 class=\"text-body-default font-weight-bold heading-text el-title_custom_color mb-12\" style=\"\" data-anim-type=\"\" data-anim-delay=\"0\">Urologija<\/h1><\/div><\/div><\/div><div class=\"pix-el-text w-100 text-center \" ><div class=\"d-inline-block\" style=\"max-width:640px;\"><p class=\"  text-body-default text-center \" >Mi se brinemo!<\/p><\/div><\/div>[\/vc_column][\/vc_row][vc_row content_placement=&#8221;middle&#8221; pix_particles_check=&#8221;&#8221;][vc_column][vc_column_text]<b><span lang=\"BS-LATN-BA\">Urologija<\/span><\/b><span lang=\"BS-LATN-BA\">\u00a0je grana klini\u010dke\u00a0<a title=\"Medicina\" href=\"https:\/\/bs.wikipedia.org\/wiki\/Medicina\" target=\"_blank\" rel=\"noopener\" data-saferedirecturl=\"https:\/\/www.google.com\/url?q=https:\/\/bs.wikipedia.org\/wiki\/Medicina&amp;source=gmail&amp;ust=1660603493553000&amp;usg=AOvVaw3COYnuhTCE7EJa2FGbK1_C\">medicine<\/a>\u00a0koja se bavi etiologijom, patogenezom i dijagnostikom oboljenja\u00a0<a title=\"Urinarni trakt (stranica ne postoji)\" href=\"https:\/\/bs.wikipedia.org\/w\/index.php?title=Urinarni_trakt&amp;action=edit&amp;redlink=1\" target=\"_blank\" rel=\"noopener\" data-saferedirecturl=\"https:\/\/www.google.com\/url?q=https:\/\/bs.wikipedia.org\/w\/index.php?title%3DUrinarni_trakt%26action%3Dedit%26redlink%3D1&amp;source=gmail&amp;ust=1660603493553000&amp;usg=AOvVaw36ispi85mUSr_LnzWMfV6P\">urinarnog trakta<\/a>\u00a0kod mu\u0161karaca i kod \u017eena, te\u00a0<a title=\"Reproduktivni sistem\" href=\"https:\/\/bs.wikipedia.org\/wiki\/Reproduktivni_sistem\" target=\"_blank\" rel=\"noopener\" data-saferedirecturl=\"https:\/\/www.google.com\/url?q=https:\/\/bs.wikipedia.org\/wiki\/Reproduktivni_sistem&amp;source=gmail&amp;ust=1660603493553000&amp;usg=AOvVaw2TrMN7md2N9eOBjWElpvqD\">reproduktivnim organima<\/a>\u00a0kod mu\u0161karaca. Oboljenja urogenitalnog trakta koja su u nadle\u017enosti urologa su infekcije mokra\u0107nih kanala, bubrega i mokra\u0107nog mjehura raznim bakterijama, kao i upala\u00a0<a title=\"Prostata\" href=\"https:\/\/bs.wikipedia.org\/wiki\/Prostata\" target=\"_blank\" rel=\"noopener\" data-saferedirecturl=\"https:\/\/www.google.com\/url?q=https:\/\/bs.wikipedia.org\/wiki\/Prostata&amp;source=gmail&amp;ust=1660603493553000&amp;usg=AOvVaw2piTqUyw3V1Ndd9XodX29P\">prostate<\/a>\u00a0kod mu\u0161karaca, poreme\u0107aji izvodnog sistema\u00a0<a title=\"Bubreg\" href=\"https:\/\/bs.wikipedia.org\/wiki\/Bubreg\" target=\"_blank\" rel=\"noopener\" data-saferedirecturl=\"https:\/\/www.google.com\/url?q=https:\/\/bs.wikipedia.org\/wiki\/Bubreg&amp;source=gmail&amp;ust=1660603493553000&amp;usg=AOvVaw3mLQNwa_j2yIm1tu5xkxvM\">bubrega<\/a>\u00a0kao zaprekama protoka mokra\u0107e, uro\u0111ene anomalije, kamenacem, dobro\u0107udni i zlo\u0107udni\u00a0<a title=\"Tumori bubrega (stranica ne postoji)\" href=\"https:\/\/bs.wikipedia.org\/w\/index.php?title=Tumori_bubrega&amp;action=edit&amp;redlink=1\" target=\"_blank\" rel=\"noopener\" data-saferedirecturl=\"https:\/\/www.google.com\/url?q=https:\/\/bs.wikipedia.org\/w\/index.php?title%3DTumori_bubrega%26action%3Dedit%26redlink%3D1&amp;source=gmail&amp;ust=1660603493553000&amp;usg=AOvVaw1I90KygaK5U7Tng23rO2JY\">tumorima bubrega<\/a>.<\/span>[\/vc_column_text][\/vc_column][\/vc_row][vc_row content_placement=&#8221;middle&#8221; pix_particles_check=&#8221;&#8221;][vc_column width=&#8221;1\/3&#8243;]<div class=\"d-inline-block \" ><div class=\"pix-img-el    text-center d-inline-block  w-100 rounded-0\"  ><img loading=\"lazy\" decoding=\"async\" class=\"card-img2 pix-img-elem rounded-0  h-1002\" style=\"height:auto;\" width=\"500\" height=\"439\" srcset=\"https:\/\/www.minervamedica.ba\/wp-content\/uploads\/2022\/08\/Litotripter-izvantjelesno-razbijanje-mokracnih-kamenaca-udarnim-valovima.jpg 500w, https:\/\/www.minervamedica.ba\/wp-content\/uploads\/2022\/08\/Litotripter-izvantjelesno-razbijanje-mokracnih-kamenaca-udarnim-valovima-300x263.jpg 300w\" sizes=\"auto, (max-width: 500px) 100vw, 500px\" src=\"https:\/\/www.minervamedica.ba\/wp-content\/uploads\/2022\/08\/Litotripter-izvantjelesno-razbijanje-mokracnih-kamenaca-udarnim-valovima.jpg\" alt=\"\" \/><\/div><\/div>[\/vc_column][vc_column width=&#8221;2\/3&#8243;][vc_column_text]<strong><span lang=\"BS-LATN-BA\">Litotripter\u00a0<\/span>ili izvantjelesno razbijanje <span lang=\"BS-LATN-BA\">mokra\u0107nih kamenaca<\/span><\/strong>\r\n\r\n<span lang=\"BS-LATN-BA\">Litotripter\u00a0<\/span>ili izvantjelesno razbijanje <span lang=\"BS-LATN-BA\">mokra\u0107nih kamenaca udarnim valovima (ESWL, <\/span><span lang=\"BS-LATN-BA\">engl. extracorporeal schokwave lithotripsy) pred<\/span><span lang=\"BS-LATN-BA\">stavlja prvi izbor u lije\u010denju bubre\u017enih i ureteraln<\/span><span lang=\"BS-LATN-BA\">ih kamenaca.<\/span>[\/vc_column_text][\/vc_column][\/vc_row][\/vc_section][vc_row pix_particles_check=&#8221;&#8221;][vc_column][vc_empty_space height=&#8221;30px&#8221;][\/vc_column][\/vc_row]","protected":false},"excerpt":{"rendered":"[vc_section full_width=&#8221;stretch_row&#8221; pix_over_visibility=&#8221;1&#8243; css=&#8221;.vc_custom_1642641885765{background-color: #ffffff !important;}&#8221;][vc_row full_width=&#8221;stretch_row&#8221; pix_particles_check=&#8221;&#8221; css=&#8221;.vc_custom_1651108959108{margin-bottom: 25px !important;background-color: #ededed !important;}&#8221;][vc_column content_align=&#8221;text-center&#8221;][\/vc_column][\/vc_row][vc_row content_placement=&#8221;middle&#8221; pix_particles_check=&#8221;&#8221;][vc_column][vc_column_text]Urologija\u00a0je grana klini\u010dke\u00a0medicine\u00a0koja se bavi etiologijom, patogenezom i dijagnostikom oboljenja\u00a0urinarnog trakta\u00a0kod mu\u0161karaca i kod \u017eena, te\u00a0reproduktivnim organima\u00a0kod mu\u0161karaca. Oboljenja urogenitalnog trakta koja su u nadle\u017enosti&#8230;","protected":false},"author":1,"featured_media":0,"parent":0,"menu_order":0,"comment_status":"closed","ping_status":"closed","template":"","meta":{"footnotes":""},"class_list":["post-249","page","type-page","status-publish","hentry"],"_links":{"self":[{"href":"https:\/\/www.minervamedica.ba\/en\/wp-json\/wp\/v2\/pages\/249","targetHints":{"allow":["GET"]}}],"collection":[{"href":"https:\/\/www.minervamedica.ba\/en\/wp-json\/wp\/v2\/pages"}],"about":[{"href":"https:\/\/www.minervamedica.ba\/en\/wp-json\/wp\/v2\/types\/page"}],"author":[{"embeddable":true,"href":"https:\/\/www.minervamedica.ba\/en\/wp-json\/wp\/v2\/users\/1"}],"replies":[{"embeddable":true,"href":"https:\/\/www.minervamedica.ba\/en\/wp-json\/wp\/v2\/comments?post=249"}],"version-history":[{"count":3,"href":"https:\/\/www.minervamedica.ba\/en\/wp-json\/wp\/v2\/pages\/249\/revisions"}],"predecessor-version":[{"id":345,"href":"https:\/\/www.minervamedica.ba\/en\/wp-json\/wp\/v2\/pages\/249\/revisions\/345"}],"wp:attachment":[{"href":"https:\/\/www.minervamedica.ba\/en\/wp-json\/wp\/v2\/media?parent=249"}],"curies":[{"name":"wp","href":"https:\/\/api.w.org\/{rel}","templated":true}]}}