{"id":257,"date":"2022-08-15T00:19:44","date_gmt":"2022-08-15T00:19:44","guid":{"rendered":"https:\/\/www.minervamedica.ba\/goodsign.php\/molekularna-dijagnostika\/"},"modified":"2022-10-14T07:06:20","modified_gmt":"2022-10-14T07:06:20","slug":"molekularna-dijagnostika","status":"publish","type":"page","link":"https:\/\/www.minervamedica.ba\/en\/molekularna-dijagnostika\/","title":{"rendered":"Molekularna dijagnostika"},"content":{"rendered":"<p>[vc_section full_width=&#8221;stretch_row&#8221; pix_over_visibility=&#8221;1&#8243; css=&#8221;.vc_custom_1642641885765{background-color: #ffffff !important;}&#8221;][vc_row full_width=&#8221;stretch_row&#8221; pix_particles_check=&#8221;&#8221; css=&#8221;.vc_custom_1651108959108{margin-bottom: 25px !important;background-color: #ededed !important;}&#8221;][vc_column content_align=&#8221;text-center&#8221;]<div  class=\"pix-heading-el text-center \"><div><div class=\"slide-in-container\"><h1 class=\"text-body-default font-weight-bold heading-text el-title_custom_color mb-12\" style=\"\" data-anim-type=\"\" data-anim-delay=\"0\">Molekularna dijagnostika<\/h1><\/div><\/div><\/div><div class=\"pix-el-text w-100 text-center \" ><div class=\"d-inline-block\" style=\"max-width:640px;\"><p class=\"  text-body-default text-center \" >Mi se brinemo!<\/p><\/div><\/div>[\/vc_column][\/vc_row][vc_row content_placement=&#8221;middle&#8221; pix_particles_check=&#8221;&#8221;][vc_column][vc_column_text]PCR je najrazvijenija molekularna tehnika do danas, koja ima \u0161irok spektar klini\u010dke primjene u detekciji i procjeni stanja infekcije, odre\u0111ivanju osetljivosti bakterija na antibiotike, detekciji mutacija koje mogu biti uzrok mnogih bolesti. Ovom metodom se mogu dokazati geni virusa ili nekih mikroorganizama ukoliko su prisutni u na\u0161em tijelu.<\/p>\r\n<p>U PCR laboratoriji se vr\u0161i detekcija uzro\u010dnika polno prenosivih bolesti kao \u0161to su: clamidija, mikoplazme, ureaplazme, virusa HIV, Hepatitis B, Hepatitis C, HPV ali i i detekcija mutacija na genima.<\/p>\r\n<p>PCR ima brojne prednosti po kojima se izdvaja od ostalih metoda. Procesi su automatizovani \u010dime je pove\u0107ana brzina i pouzdanost u identifikaciji bakterija, virusa i drugih mikroorganizama. Na taj na\u010din je i smanjena mogu\u0107nost pojave gre\u0161aka izazvanih ljudskim faktorom.[\/vc_column_text][\/vc_column][\/vc_row][vc_row content_placement=&#8221;middle&#8221; pix_particles_check=&#8221;&#8221;][vc_column width=&#8221;1\/3&#8243;]<div class=\"d-inline-block \" ><div class=\"pix-img-el    text-center d-inline-block  w-100 rounded-0\"  ><img loading=\"lazy\" decoding=\"async\" class=\"card-img2 pix-img-elem rounded-0  h-1002\" style=\"height:auto;\" width=\"400\" height=\"305\" srcset=\"https:\/\/www.minervamedica.ba\/wp-content\/uploads\/2022\/08\/Kitovi-za-Real-Time-PCR.jpg 400w, https:\/\/www.minervamedica.ba\/wp-content\/uploads\/2022\/08\/Kitovi-za-Real-Time-PCR-300x229.jpg 300w\" sizes=\"auto, (max-width: 400px) 100vw, 400px\" src=\"https:\/\/www.minervamedica.ba\/wp-content\/uploads\/2022\/08\/Kitovi-za-Real-Time-PCR.jpg\" alt=\"\" \/><\/div><\/div>[\/vc_column][vc_column width=&#8221;2\/3&#8243;][vc_column_text]<\/p>\r\n<p style=\"font-weight: 400;\">U na\u0161oj ponudi nalaze se \u00a0kitovi za Real Time PCR<\/p>\r\n<p>[\/vc_column_text][\/vc_column][\/vc_row][\/vc_section]<\/p>\r\n","protected":false},"excerpt":{"rendered":"[vc_section full_width=&#8221;stretch_row&#8221; pix_over_visibility=&#8221;1&#8243; css=&#8221;.vc_custom_1642641885765{background-color: #ffffff !important;}&#8221;][vc_row full_width=&#8221;stretch_row&#8221; pix_particles_check=&#8221;&#8221; css=&#8221;.vc_custom_1651108959108{margin-bottom: 25px !important;background-color: #ededed !important;}&#8221;][vc_column content_align=&#8221;text-center&#8221;][\/vc_column][\/vc_row][vc_row content_placement=&#8221;middle&#8221; pix_particles_check=&#8221;&#8221;][vc_column][vc_column_text]PCR je najrazvijenija molekularna tehnika do danas, koja ima \u0161irok spektar klini\u010dke primjene u detekciji i procjeni stanja infekcije, odre\u0111ivanju osetljivosti bakterija na antibiotike, detekciji&#8230;","protected":false},"author":1,"featured_media":0,"parent":0,"menu_order":0,"comment_status":"closed","ping_status":"closed","template":"","meta":{"footnotes":""},"class_list":["post-257","page","type-page","status-publish","hentry"],"_links":{"self":[{"href":"https:\/\/www.minervamedica.ba\/en\/wp-json\/wp\/v2\/pages\/257","targetHints":{"allow":["GET"]}}],"collection":[{"href":"https:\/\/www.minervamedica.ba\/en\/wp-json\/wp\/v2\/pages"}],"about":[{"href":"https:\/\/www.minervamedica.ba\/en\/wp-json\/wp\/v2\/types\/page"}],"author":[{"embeddable":true,"href":"https:\/\/www.minervamedica.ba\/en\/wp-json\/wp\/v2\/users\/1"}],"replies":[{"embeddable":true,"href":"https:\/\/www.minervamedica.ba\/en\/wp-json\/wp\/v2\/comments?post=257"}],"version-history":[{"count":1,"href":"https:\/\/www.minervamedica.ba\/en\/wp-json\/wp\/v2\/pages\/257\/revisions"}],"predecessor-version":[{"id":334,"href":"https:\/\/www.minervamedica.ba\/en\/wp-json\/wp\/v2\/pages\/257\/revisions\/334"}],"wp:attachment":[{"href":"https:\/\/www.minervamedica.ba\/en\/wp-json\/wp\/v2\/media?parent=257"}],"curies":[{"name":"wp","href":"https:\/\/api.w.org\/{rel}","templated":true}]}}